{"id":32609,"date":"2024-03-18T15:17:24","date_gmt":"2025-01-20T19:16:36","guid":{"rendered":"https:\/\/kasitooratt.ee\/toode\/gift-card\/"},"modified":"2025-04-25T11:23:49","modified_gmt":"2025-04-25T08:23:49","slug":"gift-card","status":"publish","type":"product","link":"https:\/\/www.kasitooratt.ee\/en\/toode\/gift-card\/","title":{"rendered":"Gift Card"},"content":{"rendered":"<p>Sum: 10\u20ac 20\u20ac and 50\u20ac<\/p>\n","protected":false},"excerpt":{"rendered":"<p>You wish to send somebody warmth and joy, but do not know exactly in what form? Then choose R\u00c4TT gift card. This is a <strong>digital gift card<\/strong> sent by email. The gift card can be used for purchasing R\u00c4TT products from both the e-shop as well as pop-up shops. The gift card cannot be exchanged for cash or used for paying in instalments. In case of a smaller purchase amount, the subtotal is non-refundable.     <\/p>\n","protected":false},"featured_media":32610,"template":"","meta":{"_acf_changed":false},"product_brand":[],"product_cat":[840],"product_tag":[],"class_list":{"0":"post-32609","1":"product","2":"type-product","3":"status-publish","4":"has-post-thumbnail","6":"product_cat-gift-card","7":"pa_kinkekaart-10-e-en","8":"pa_kinkekaart-20-e-en","9":"pa_kinkekaart-50-e-en","10":"tm-no-options","12":"first","13":"instock","14":"taxable","15":"shipping-taxable","16":"purchasable","17":"product-type-variable","18":"rtwpvs-product"},"acf":[],"yoast_head":"<!-- This site is optimized with the Yoast SEO plugin v27.5 - https:\/\/yoast.com\/product\/yoast-seo-wordpress\/ -->\n<title>Gift Card - R\u00c4TT<\/title>\n<meta name=\"robots\" content=\"index, follow, max-snippet:-1, max-image-preview:large, max-video-preview:-1\" \/>\n<link rel=\"canonical\" href=\"https:\/\/kasitooratt.ee\/en\/toode\/gift-card\/\" \/>\n<meta property=\"og:locale\" content=\"en_US\" \/>\n<meta property=\"og:type\" content=\"article\" \/>\n<meta property=\"og:title\" content=\"Gift Card - R\u00c4TT\" \/>\n<meta property=\"og:description\" content=\"You wish to send somebody warmth and joy, but do not know exactly in what form? Then choose R\u00c4TT gift card. This is a digital gift card sent by email. The gift card can be used for purchasing R\u00c4TT products from both the e-shop as well as pop-up shops. The gift card cannot be exchanged for cash or used for paying in instalments. In case of a smaller purchase amount, the subtotal is non-refundable.\" \/>\n<meta property=\"og:url\" content=\"https:\/\/kasitooratt.ee\/en\/toode\/gift-card\/\" \/>\n<meta property=\"og:site_name\" content=\"R\u00c4TT\" \/>\n<meta property=\"article:modified_time\" content=\"2025-04-25T08:23:49+00:00\" \/>\n<meta property=\"og:image\" content=\"https:\/\/kasitooratt.ee\/wp-content\/uploads\/2024\/03\/kinkekaart.jpg\" \/>\n\t<meta property=\"og:image:width\" content=\"1200\" \/>\n\t<meta property=\"og:image:height\" content=\"801\" \/>\n\t<meta property=\"og:image:type\" content=\"image\/jpeg\" \/>\n<meta name=\"twitter:card\" content=\"summary_large_image\" \/>\n<script type=\"application\/ld+json\" class=\"yoast-schema-graph\">{\"@context\":\"https:\\\/\\\/schema.org\",\"@graph\":[{\"@type\":\"WebPage\",\"@id\":\"https:\\\/\\\/kasitooratt.ee\\\/en\\\/toode\\\/gift-card\\\/\",\"url\":\"https:\\\/\\\/kasitooratt.ee\\\/en\\\/toode\\\/gift-card\\\/\",\"name\":\"Gift Card - R\u00c4TT\",\"isPartOf\":{\"@id\":\"https:\\\/\\\/kasitooratt.ee\\\/#website\"},\"primaryImageOfPage\":{\"@id\":\"https:\\\/\\\/kasitooratt.ee\\\/en\\\/toode\\\/gift-card\\\/#primaryimage\"},\"image\":{\"@id\":\"https:\\\/\\\/kasitooratt.ee\\\/en\\\/toode\\\/gift-card\\\/#primaryimage\"},\"thumbnailUrl\":\"https:\\\/\\\/www.kasitooratt.ee\\\/wp-content\\\/uploads\\\/2024\\\/03\\\/kinkekaart.jpg\",\"datePublished\":\"2025-01-20T19:16:36+00:00\",\"dateModified\":\"2025-04-25T08:23:49+00:00\",\"breadcrumb\":{\"@id\":\"https:\\\/\\\/kasitooratt.ee\\\/en\\\/toode\\\/gift-card\\\/#breadcrumb\"},\"inLanguage\":\"en-US\",\"potentialAction\":[{\"@type\":\"ReadAction\",\"target\":[\"https:\\\/\\\/kasitooratt.ee\\\/en\\\/toode\\\/gift-card\\\/\"]}]},{\"@type\":\"ImageObject\",\"inLanguage\":\"en-US\",\"@id\":\"https:\\\/\\\/kasitooratt.ee\\\/en\\\/toode\\\/gift-card\\\/#primaryimage\",\"url\":\"https:\\\/\\\/www.kasitooratt.ee\\\/wp-content\\\/uploads\\\/2024\\\/03\\\/kinkekaart.jpg\",\"contentUrl\":\"https:\\\/\\\/www.kasitooratt.ee\\\/wp-content\\\/uploads\\\/2024\\\/03\\\/kinkekaart.jpg\",\"width\":1200,\"height\":801},{\"@type\":\"BreadcrumbList\",\"@id\":\"https:\\\/\\\/kasitooratt.ee\\\/en\\\/toode\\\/gift-card\\\/#breadcrumb\",\"itemListElement\":[{\"@type\":\"ListItem\",\"position\":1,\"name\":\"Home\",\"item\":\"https:\\\/\\\/kasitooratt.ee\\\/en\\\/\"},{\"@type\":\"ListItem\",\"position\":2,\"name\":\"Products\",\"item\":\"https:\\\/\\\/kasitooratt.ee\\\/en\\\/products\\\/\"},{\"@type\":\"ListItem\",\"position\":3,\"name\":\"Gift Card\"}]},{\"@type\":\"WebSite\",\"@id\":\"https:\\\/\\\/kasitooratt.ee\\\/#website\",\"url\":\"https:\\\/\\\/kasitooratt.ee\\\/\",\"name\":\"R\u00c4TT\",\"description\":\"SPA ja saunatekstiilid\",\"potentialAction\":[{\"@type\":\"SearchAction\",\"target\":{\"@type\":\"EntryPoint\",\"urlTemplate\":\"https:\\\/\\\/kasitooratt.ee\\\/?s={search_term_string}\"},\"query-input\":{\"@type\":\"PropertyValueSpecification\",\"valueRequired\":true,\"valueName\":\"search_term_string\"}}],\"inLanguage\":\"en-US\"}]}<\/script>\n<!-- \/ Yoast SEO plugin. -->","yoast_head_json":{"title":"Gift Card - R\u00c4TT","robots":{"index":"index","follow":"follow","max-snippet":"max-snippet:-1","max-image-preview":"max-image-preview:large","max-video-preview":"max-video-preview:-1"},"canonical":"https:\/\/kasitooratt.ee\/en\/toode\/gift-card\/","og_locale":"en_US","og_type":"article","og_title":"Gift Card - R\u00c4TT","og_description":"You wish to send somebody warmth and joy, but do not know exactly in what form? Then choose R\u00c4TT gift card. This is a digital gift card sent by email. The gift card can be used for purchasing R\u00c4TT products from both the e-shop as well as pop-up shops. The gift card cannot be exchanged for cash or used for paying in instalments. In case of a smaller purchase amount, the subtotal is non-refundable.","og_url":"https:\/\/kasitooratt.ee\/en\/toode\/gift-card\/","og_site_name":"R\u00c4TT","article_modified_time":"2025-04-25T08:23:49+00:00","og_image":[{"width":1200,"height":801,"url":"https:\/\/kasitooratt.ee\/wp-content\/uploads\/2024\/03\/kinkekaart.jpg","type":"image\/jpeg"}],"twitter_card":"summary_large_image","schema":{"@context":"https:\/\/schema.org","@graph":[{"@type":"WebPage","@id":"https:\/\/kasitooratt.ee\/en\/toode\/gift-card\/","url":"https:\/\/kasitooratt.ee\/en\/toode\/gift-card\/","name":"Gift Card - R\u00c4TT","isPartOf":{"@id":"https:\/\/kasitooratt.ee\/#website"},"primaryImageOfPage":{"@id":"https:\/\/kasitooratt.ee\/en\/toode\/gift-card\/#primaryimage"},"image":{"@id":"https:\/\/kasitooratt.ee\/en\/toode\/gift-card\/#primaryimage"},"thumbnailUrl":"https:\/\/www.kasitooratt.ee\/wp-content\/uploads\/2024\/03\/kinkekaart.jpg","datePublished":"2025-01-20T19:16:36+00:00","dateModified":"2025-04-25T08:23:49+00:00","breadcrumb":{"@id":"https:\/\/kasitooratt.ee\/en\/toode\/gift-card\/#breadcrumb"},"inLanguage":"en-US","potentialAction":[{"@type":"ReadAction","target":["https:\/\/kasitooratt.ee\/en\/toode\/gift-card\/"]}]},{"@type":"ImageObject","inLanguage":"en-US","@id":"https:\/\/kasitooratt.ee\/en\/toode\/gift-card\/#primaryimage","url":"https:\/\/www.kasitooratt.ee\/wp-content\/uploads\/2024\/03\/kinkekaart.jpg","contentUrl":"https:\/\/www.kasitooratt.ee\/wp-content\/uploads\/2024\/03\/kinkekaart.jpg","width":1200,"height":801},{"@type":"BreadcrumbList","@id":"https:\/\/kasitooratt.ee\/en\/toode\/gift-card\/#breadcrumb","itemListElement":[{"@type":"ListItem","position":1,"name":"Home","item":"https:\/\/kasitooratt.ee\/en\/"},{"@type":"ListItem","position":2,"name":"Products","item":"https:\/\/kasitooratt.ee\/en\/products\/"},{"@type":"ListItem","position":3,"name":"Gift Card"}]},{"@type":"WebSite","@id":"https:\/\/kasitooratt.ee\/#website","url":"https:\/\/kasitooratt.ee\/","name":"R\u00c4TT","description":"SPA ja saunatekstiilid","potentialAction":[{"@type":"SearchAction","target":{"@type":"EntryPoint","urlTemplate":"https:\/\/kasitooratt.ee\/?s={search_term_string}"},"query-input":{"@type":"PropertyValueSpecification","valueRequired":true,"valueName":"search_term_string"}}],"inLanguage":"en-US"}]}},"_links":{"self":[{"href":"https:\/\/www.kasitooratt.ee\/en\/wp-json\/wp\/v2\/product\/32609","targetHints":{"allow":["GET"]}}],"collection":[{"href":"https:\/\/www.kasitooratt.ee\/en\/wp-json\/wp\/v2\/product"}],"about":[{"href":"https:\/\/www.kasitooratt.ee\/en\/wp-json\/wp\/v2\/types\/product"}],"wp:featuredmedia":[{"embeddable":true,"href":"https:\/\/www.kasitooratt.ee\/en\/wp-json\/wp\/v2\/media\/32610"}],"wp:attachment":[{"href":"https:\/\/www.kasitooratt.ee\/en\/wp-json\/wp\/v2\/media?parent=32609"}],"wp:term":[{"taxonomy":"product_brand","embeddable":true,"href":"https:\/\/www.kasitooratt.ee\/en\/wp-json\/wp\/v2\/product_brand?post=32609"},{"taxonomy":"product_cat","embeddable":true,"href":"https:\/\/www.kasitooratt.ee\/en\/wp-json\/wp\/v2\/product_cat?post=32609"},{"taxonomy":"product_tag","embeddable":true,"href":"https:\/\/www.kasitooratt.ee\/en\/wp-json\/wp\/v2\/product_tag?post=32609"}],"curies":[{"name":"wp","href":"https:\/\/api.w.org\/{rel}","templated":true}]}}