{"id":34568,"date":"2025-04-23T10:04:51","date_gmt":"2025-04-23T07:04:51","guid":{"rendered":"https:\/\/kasitooratt.ee\/shopping-cart\/"},"modified":"2026-04-29T10:49:01","modified_gmt":"2026-04-29T07:49:01","slug":"shopping-cart","status":"publish","type":"page","link":"https:\/\/www.kasitooratt.ee\/en\/shopping-cart\/","title":{"rendered":"Shopping cart"},"content":{"rendered":"<div class=\"fusion-fullwidth fullwidth-box fusion-builder-row-1 fusion-flex-container nonhundred-percent-fullwidth non-hundred-percent-height-scrolling gradient-container-1\" style=\"--awb-border-radius-top-left:0px;--awb-border-radius-top-right:0px;--awb-border-radius-bottom-right:0px;--awb-border-radius-bottom-left:0px;--awb-flex-wrap:wrap;\" ><div class=\"fusion-builder-row fusion-row fusion-flex-align-items-flex-start fusion-flex-content-wrap\" style=\"max-width:1274px;margin-left: calc(-4% \/ 2 );margin-right: calc(-4% \/ 2 );\"><div class=\"fusion-layout-column fusion_builder_column fusion-builder-column-0 fusion_builder_column_1_1 1_1 fusion-flex-column\" style=\"--awb-bg-size:cover;--awb-width-large:100%;--awb-margin-top-large:0px;--awb-spacing-right-large:1.92%;--awb-margin-bottom-large:0px;--awb-spacing-left-large:1.92%;--awb-width-medium:100%;--awb-spacing-right-medium:1.92%;--awb-spacing-left-medium:1.92%;--awb-width-small:100%;--awb-spacing-right-small:1.92%;--awb-spacing-left-small:1.92%;\"><div class=\"fusion-column-wrapper fusion-flex-justify-content-flex-start fusion-content-layout-column\"><div class=\"fusion-text fusion-text-1\">\n<\/div><\/div><\/div><\/div><\/div>\n","protected":false},"excerpt":{"rendered":"","protected":false},"author":20,"featured_media":0,"parent":0,"menu_order":0,"comment_status":"closed","ping_status":"closed","template":"","meta":{"_acf_changed":false,"footnotes":""},"class_list":["post-34568","page","type-page","status-publish","hentry"],"acf":[],"yoast_head":"<!-- This site is optimized with the Yoast SEO plugin v27.5 - https:\/\/yoast.com\/product\/yoast-seo-wordpress\/ -->\n<title>Shopping cart \u2014 review R\u00c4TT items before checkout | R\u00c4TT<\/title>\n<meta name=\"description\" content=\"Review your R\u00c4TT shopping cart, check item quantities and sizes, then proceed to checkout to complete your order securely.\" \/>\n<meta name=\"robots\" content=\"index, follow, max-snippet:-1, max-image-preview:large, max-video-preview:-1\" \/>\n<link rel=\"canonical\" href=\"https:\/\/kasitooratt.ee\/en\/shopping-cart\/\" \/>\n<meta property=\"og:locale\" content=\"en_US\" \/>\n<meta property=\"og:type\" content=\"article\" \/>\n<meta property=\"og:title\" content=\"Shopping cart \u2014 review R\u00c4TT items before checkout | R\u00c4TT\" \/>\n<meta property=\"og:description\" content=\"Review your R\u00c4TT shopping cart, check item quantities and sizes, then proceed to checkout to complete your order securely.\" \/>\n<meta property=\"og:url\" content=\"https:\/\/kasitooratt.ee\/en\/shopping-cart\/\" \/>\n<meta property=\"og:site_name\" content=\"R\u00c4TT\" \/>\n<meta property=\"article:modified_time\" content=\"2026-04-29T07:49:01+00:00\" \/>\n<meta name=\"twitter:card\" content=\"summary_large_image\" \/>\n<script type=\"application\/ld+json\" class=\"yoast-schema-graph\">{\"@context\":\"https:\\\/\\\/schema.org\",\"@graph\":[{\"@type\":\"WebPage\",\"@id\":\"https:\\\/\\\/kasitooratt.ee\\\/en\\\/shopping-cart\\\/\",\"url\":\"https:\\\/\\\/kasitooratt.ee\\\/en\\\/shopping-cart\\\/\",\"name\":\"Shopping cart \u2014 review R\u00c4TT items before checkout | R\u00c4TT\",\"isPartOf\":{\"@id\":\"https:\\\/\\\/kasitooratt.ee\\\/#website\"},\"datePublished\":\"2025-04-23T07:04:51+00:00\",\"dateModified\":\"2026-04-29T07:49:01+00:00\",\"description\":\"Review your R\u00c4TT shopping cart, check item quantities and sizes, then proceed to checkout to complete your order securely.\",\"breadcrumb\":{\"@id\":\"https:\\\/\\\/kasitooratt.ee\\\/en\\\/shopping-cart\\\/#breadcrumb\"},\"inLanguage\":\"en-US\",\"potentialAction\":[{\"@type\":\"ReadAction\",\"target\":[\"https:\\\/\\\/kasitooratt.ee\\\/en\\\/shopping-cart\\\/\"]}]},{\"@type\":\"BreadcrumbList\",\"@id\":\"https:\\\/\\\/kasitooratt.ee\\\/en\\\/shopping-cart\\\/#breadcrumb\",\"itemListElement\":[{\"@type\":\"ListItem\",\"position\":1,\"name\":\"Home\",\"item\":\"https:\\\/\\\/kasitooratt.ee\\\/en\\\/\"},{\"@type\":\"ListItem\",\"position\":2,\"name\":\"Shopping cart\"}]},{\"@type\":\"WebSite\",\"@id\":\"https:\\\/\\\/kasitooratt.ee\\\/#website\",\"url\":\"https:\\\/\\\/kasitooratt.ee\\\/\",\"name\":\"R\u00c4TT\",\"description\":\"SPA ja saunatekstiilid\",\"potentialAction\":[{\"@type\":\"SearchAction\",\"target\":{\"@type\":\"EntryPoint\",\"urlTemplate\":\"https:\\\/\\\/kasitooratt.ee\\\/?s={search_term_string}\"},\"query-input\":{\"@type\":\"PropertyValueSpecification\",\"valueRequired\":true,\"valueName\":\"search_term_string\"}}],\"inLanguage\":\"en-US\"}]}<\/script>\n<!-- \/ Yoast SEO plugin. -->","yoast_head_json":{"title":"Shopping cart \u2014 review R\u00c4TT items before checkout | R\u00c4TT","description":"Review your R\u00c4TT shopping cart, check item quantities and sizes, then proceed to checkout to complete your order securely.","robots":{"index":"index","follow":"follow","max-snippet":"max-snippet:-1","max-image-preview":"max-image-preview:large","max-video-preview":"max-video-preview:-1"},"canonical":"https:\/\/kasitooratt.ee\/en\/shopping-cart\/","og_locale":"en_US","og_type":"article","og_title":"Shopping cart \u2014 review R\u00c4TT items before checkout | R\u00c4TT","og_description":"Review your R\u00c4TT shopping cart, check item quantities and sizes, then proceed to checkout to complete your order securely.","og_url":"https:\/\/kasitooratt.ee\/en\/shopping-cart\/","og_site_name":"R\u00c4TT","article_modified_time":"2026-04-29T07:49:01+00:00","twitter_card":"summary_large_image","schema":{"@context":"https:\/\/schema.org","@graph":[{"@type":"WebPage","@id":"https:\/\/kasitooratt.ee\/en\/shopping-cart\/","url":"https:\/\/kasitooratt.ee\/en\/shopping-cart\/","name":"Shopping cart \u2014 review R\u00c4TT items before checkout | R\u00c4TT","isPartOf":{"@id":"https:\/\/kasitooratt.ee\/#website"},"datePublished":"2025-04-23T07:04:51+00:00","dateModified":"2026-04-29T07:49:01+00:00","description":"Review your R\u00c4TT shopping cart, check item quantities and sizes, then proceed to checkout to complete your order securely.","breadcrumb":{"@id":"https:\/\/kasitooratt.ee\/en\/shopping-cart\/#breadcrumb"},"inLanguage":"en-US","potentialAction":[{"@type":"ReadAction","target":["https:\/\/kasitooratt.ee\/en\/shopping-cart\/"]}]},{"@type":"BreadcrumbList","@id":"https:\/\/kasitooratt.ee\/en\/shopping-cart\/#breadcrumb","itemListElement":[{"@type":"ListItem","position":1,"name":"Home","item":"https:\/\/kasitooratt.ee\/en\/"},{"@type":"ListItem","position":2,"name":"Shopping cart"}]},{"@type":"WebSite","@id":"https:\/\/kasitooratt.ee\/#website","url":"https:\/\/kasitooratt.ee\/","name":"R\u00c4TT","description":"SPA ja saunatekstiilid","potentialAction":[{"@type":"SearchAction","target":{"@type":"EntryPoint","urlTemplate":"https:\/\/kasitooratt.ee\/?s={search_term_string}"},"query-input":{"@type":"PropertyValueSpecification","valueRequired":true,"valueName":"search_term_string"}}],"inLanguage":"en-US"}]}},"_links":{"self":[{"href":"https:\/\/www.kasitooratt.ee\/en\/wp-json\/wp\/v2\/pages\/34568","targetHints":{"allow":["GET"]}}],"collection":[{"href":"https:\/\/www.kasitooratt.ee\/en\/wp-json\/wp\/v2\/pages"}],"about":[{"href":"https:\/\/www.kasitooratt.ee\/en\/wp-json\/wp\/v2\/types\/page"}],"author":[{"embeddable":true,"href":"https:\/\/www.kasitooratt.ee\/en\/wp-json\/wp\/v2\/users\/20"}],"replies":[{"embeddable":true,"href":"https:\/\/www.kasitooratt.ee\/en\/wp-json\/wp\/v2\/comments?post=34568"}],"version-history":[{"count":1,"href":"https:\/\/www.kasitooratt.ee\/en\/wp-json\/wp\/v2\/pages\/34568\/revisions"}],"predecessor-version":[{"id":37809,"href":"https:\/\/www.kasitooratt.ee\/en\/wp-json\/wp\/v2\/pages\/34568\/revisions\/37809"}],"wp:attachment":[{"href":"https:\/\/www.kasitooratt.ee\/en\/wp-json\/wp\/v2\/media?parent=34568"}],"curies":[{"name":"wp","href":"https:\/\/api.w.org\/{rel}","templated":true}]}}